{"id":8974,"date":"2024-12-02T15:41:05","date_gmt":"2024-12-02T12:41:05","guid":{"rendered":"https:\/\/www.gipta.com.tr\/mustafa-coskun-karadeniz\/"},"modified":"2024-12-02T15:44:37","modified_gmt":"2024-12-02T12:44:37","slug":"mustafa-coskun-karadeniz","status":"publish","type":"page","link":"https:\/\/www.gipta.com.tr\/en\/mustafa-coskun-karadeniz\/","title":{"rendered":"Mustafa Co\u015fkun KARADEN\u0130Z"},"content":{"rendered":"<section class=\"l-section wpb_row height_custom\"><div class=\"l-section-h i-cf\"><div class=\"g-cols vc_row via_flex valign_top type_default stacking_default\"><div class=\"vc_col-sm-12 wpb_column vc_column_container\"><div class=\"vc_column-inner\"><div class=\"wpb_wrapper\"><div class=\"g-cols wpb_row via_flex valign_top type_default stacking_default\"><div class=\"vc_col-sm-8 wpb_column vc_column_container\"><div class=\"vc_column-inner\"><div class=\"wpb_wrapper\"><div class=\"wpb_text_column\"><div class=\"wpb_wrapper\"><h2>Mustafa Co\u015fkun KARADEN\u0130Z<\/h2>\n<h6>Independent Board Member<\/h6>\n<p style=\"text-align: justify;\">He was born in 1978 in Samsun. In 2001, he completed his Bachelor&#8217;s degree in Economics at Uluda\u011f University and his Master&#8217;s degree in Business Administration at At\u0131l\u0131m University. He started his career in the automotive sector and entered the banking sector in 2004. He worked in various banks over the years and lastly worked as Portfolio Manager at Odea Bank Ankara Commercial and Corporate Branch. In 2013, he established his own company and has been continuing his professional working life in the field of finance \/ accounting for years. In 2020, he has investments in companies in different sectors including the defense industry. He is currently serving as an Independent Board Member in the company.<\/p>\n<\/div><\/div><\/div><\/div><\/div><div class=\"vc_col-sm-4 wpb_column vc_column_container\"><div class=\"vc_column-inner\"><div class=\"wpb_wrapper\"><div class=\"w-image align_center\"><div url class=\"w-image-h\"><img loading=\"lazy\" decoding=\"async\" width=\"600\" height=\"800\" src=\"https:\/\/www.gipta.com.tr\/wp-content\/uploads\/2024\/12\/mcoskunkaradeniz-img.jpg\" class=\"attachment-full size-full\" alt=\"\" srcset=\"https:\/\/www.gipta.com.tr\/wp-content\/uploads\/2024\/12\/mcoskunkaradeniz-img.jpg 600w, https:\/\/www.gipta.com.tr\/wp-content\/uploads\/2024\/12\/mcoskunkaradeniz-img-225x300.jpg 225w\" sizes=\"auto, (max-width: 600px) 100vw, 600px\" \/><\/div><\/div><\/div><\/div><\/div><\/div><\/div><\/div><\/div><\/div><\/div><\/section>\n","protected":false},"excerpt":{"rendered":"Mustafa Co\u015fkun KARADEN\u0130Z Independent Board Member He was born in 1978 in Samsun. In 2001, he completed his Bachelor&#8217;s degree in Economics at Uluda\u011f University and his Master&#8217;s degree in Business Administration at At\u0131l\u0131m University. He started his career in the automotive sector and entered the banking sector in 2004. He worked in various banks...","protected":false},"author":1,"featured_media":8561,"parent":0,"menu_order":0,"comment_status":"closed","ping_status":"closed","template":"","meta":{"_acf_changed":false,"footnotes":""},"class_list":["post-8974","page","type-page","status-publish","has-post-thumbnail","hentry"],"acf":[],"_links":{"self":[{"href":"https:\/\/www.gipta.com.tr\/en\/wp-json\/wp\/v2\/pages\/8974","targetHints":{"allow":["GET"]}}],"collection":[{"href":"https:\/\/www.gipta.com.tr\/en\/wp-json\/wp\/v2\/pages"}],"about":[{"href":"https:\/\/www.gipta.com.tr\/en\/wp-json\/wp\/v2\/types\/page"}],"author":[{"embeddable":true,"href":"https:\/\/www.gipta.com.tr\/en\/wp-json\/wp\/v2\/users\/1"}],"replies":[{"embeddable":true,"href":"https:\/\/www.gipta.com.tr\/en\/wp-json\/wp\/v2\/comments?post=8974"}],"version-history":[{"count":1,"href":"https:\/\/www.gipta.com.tr\/en\/wp-json\/wp\/v2\/pages\/8974\/revisions"}],"predecessor-version":[{"id":8975,"href":"https:\/\/www.gipta.com.tr\/en\/wp-json\/wp\/v2\/pages\/8974\/revisions\/8975"}],"wp:featuredmedia":[{"embeddable":true,"href":"https:\/\/www.gipta.com.tr\/en\/wp-json\/wp\/v2\/media\/8561"}],"wp:attachment":[{"href":"https:\/\/www.gipta.com.tr\/en\/wp-json\/wp\/v2\/media?parent=8974"}],"curies":[{"name":"wp","href":"https:\/\/api.w.org\/{rel}","templated":true}]}}