{"id":8754,"date":"2023-08-31T15:46:04","date_gmt":"2023-08-31T12:46:04","guid":{"rendered":"https:\/\/www.gipta.com.tr\/nazim-pinar\/"},"modified":"2024-01-25T16:33:15","modified_gmt":"2024-01-25T13:33:15","slug":"nazim-pinar","status":"publish","type":"page","link":"https:\/\/www.gipta.com.tr\/en\/nazim-pinar\/","title":{"rendered":"Naz\u0131m PINAR"},"content":{"rendered":"<section class=\"l-section wpb_row height_custom\"><div class=\"l-section-h i-cf\"><div class=\"g-cols vc_row via_flex valign_top type_default stacking_default\"><div class=\"vc_col-sm-12 wpb_column vc_column_container\"><div class=\"vc_column-inner\"><div class=\"wpb_wrapper\"><div class=\"g-cols wpb_row via_flex valign_top type_default stacking_default\"><div class=\"vc_col-sm-8 wpb_column vc_column_container\"><div class=\"vc_column-inner\"><div class=\"wpb_wrapper\"><div class=\"wpb_text_column\"><div class=\"wpb_wrapper\"><h2>Naz\u0131m PINAR<\/h2>\n<h6>Deputy Chairman of the Board of Directorsi<\/h6>\n<p style=\"text-align: justify;\">Naz\u0131m PINAR, Vice Chairman of the Board of Directors of our Company, was born in Diyarbak\u0131r in 1960. He completed his primary education at Yeni Primary School, his secondary education at Ali Emiri Secondary School and his high school education at Industrial Vocational High School. He graduated from Dicle University, Faculty of Education, Department of Mathematics. After his graduation, he worked as a mathematics teacher in Kars between 1981-1984, resigned from teaching and started commercial life in 1984 with the trade of promotional products. In 1990, he settled in Ankara and laid the foundations of G\u0131pta and started manufacturing promotional products. In 1996-1998, he was a member of the Ankara Chamber of Industry Assembly and served as a Sector Expert. He is married and has two children.<\/p>\n<\/div><\/div><\/div><\/div><\/div><div class=\"vc_col-sm-4 wpb_column vc_column_container\"><div class=\"vc_column-inner\"><div class=\"wpb_wrapper\"><div class=\"w-image align_center\"><div url class=\"w-image-h\"><img loading=\"lazy\" decoding=\"async\" width=\"600\" height=\"800\" src=\"https:\/\/www.gipta.com.tr\/wp-content\/uploads\/2023\/09\/yk-img-005.jpg\" class=\"attachment-full size-full\" alt=\"\" srcset=\"https:\/\/www.gipta.com.tr\/wp-content\/uploads\/2023\/09\/yk-img-005.jpg 600w, https:\/\/www.gipta.com.tr\/wp-content\/uploads\/2023\/09\/yk-img-005-225x300.jpg 225w\" sizes=\"auto, (max-width: 600px) 100vw, 600px\" \/><\/div><\/div><\/div><\/div><\/div><\/div><\/div><\/div><\/div><\/div><\/div><\/section>\n","protected":false},"excerpt":{"rendered":"Naz\u0131m PINAR Deputy Chairman of the Board of Directorsi Naz\u0131m PINAR, Vice Chairman of the Board of Directors of our Company, was born in Diyarbak\u0131r in 1960. He completed his primary education at Yeni Primary School, his secondary education at Ali Emiri Secondary School and his high school education at Industrial Vocational High School. He...","protected":false},"author":1,"featured_media":8561,"parent":0,"menu_order":0,"comment_status":"closed","ping_status":"closed","template":"","meta":{"_acf_changed":false,"footnotes":""},"class_list":["post-8754","page","type-page","status-publish","has-post-thumbnail","hentry"],"acf":[],"_links":{"self":[{"href":"https:\/\/www.gipta.com.tr\/en\/wp-json\/wp\/v2\/pages\/8754","targetHints":{"allow":["GET"]}}],"collection":[{"href":"https:\/\/www.gipta.com.tr\/en\/wp-json\/wp\/v2\/pages"}],"about":[{"href":"https:\/\/www.gipta.com.tr\/en\/wp-json\/wp\/v2\/types\/page"}],"author":[{"embeddable":true,"href":"https:\/\/www.gipta.com.tr\/en\/wp-json\/wp\/v2\/users\/1"}],"replies":[{"embeddable":true,"href":"https:\/\/www.gipta.com.tr\/en\/wp-json\/wp\/v2\/comments?post=8754"}],"version-history":[{"count":1,"href":"https:\/\/www.gipta.com.tr\/en\/wp-json\/wp\/v2\/pages\/8754\/revisions"}],"predecessor-version":[{"id":8760,"href":"https:\/\/www.gipta.com.tr\/en\/wp-json\/wp\/v2\/pages\/8754\/revisions\/8760"}],"wp:featuredmedia":[{"embeddable":true,"href":"https:\/\/www.gipta.com.tr\/en\/wp-json\/wp\/v2\/media\/8561"}],"wp:attachment":[{"href":"https:\/\/www.gipta.com.tr\/en\/wp-json\/wp\/v2\/media?parent=8754"}],"curies":[{"name":"wp","href":"https:\/\/api.w.org\/{rel}","templated":true}]}}