{"id":8724,"date":"2023-08-31T22:22:42","date_gmt":"2023-08-31T19:22:42","guid":{"rendered":"https:\/\/www.gipta.com.tr\/komiteler-ve-calisma-esaslari\/"},"modified":"2024-01-25T16:27:31","modified_gmt":"2024-01-25T13:27:31","slug":"committees-and-working-principles","status":"publish","type":"page","link":"https:\/\/www.gipta.com.tr\/en\/committees-and-working-principles\/","title":{"rendered":"Committees and Working Principles"},"content":{"rendered":"<section class=\"l-section wpb_row height_custom\"><div class=\"l-section-h i-cf\"><div class=\"g-cols vc_row via_flex valign_top type_default stacking_default\"><div class=\"vc_col-sm-12 wpb_column vc_column_container\"><div class=\"vc_column-inner\"><div class=\"wpb_wrapper\"><div class=\"wpb_text_column\"><div class=\"wpb_wrapper\"><h2>Committees and Working Principles<\/h2>\n<\/div><\/div><div class=\"w-separator size_small\"><\/div><div class=\"w-grid type_grid layout_8313\" id=\"us_grid_1\" style=\"--gap:1rem;\" data-filterable=\"true\"><style>.layout_8313 .w-grid-item-h{}.layout_8313 .usg_image_1{width:30px!important}.layout_8313 .usg_btn_1{font-size:2rem!important}.layout_8313 .usg_hwrapper_1{border-radius:0px 0px 10px 10px!important;padding:20px!important;border:1px solid #dbe3f0!important}.layout_8313 .usg_post_title_1{font-weight:700!important}.layout_8313 .usg_hwrapper_3{border-radius:10px 10px 0px 0px!important;background:#dbe3f0!important;padding:5px 20px 5px 20px!important}<\/style><div class=\"w-grid-list\">\t<article class=\"w-grid-item post-8538 yatirimci-iliskileri type-yatirimci-iliskileri status-publish hentry yatirimci-iliskileri-kategori-komiteler-ve-calisma-esaslari\" data-id=\"8538\">\r\n\t\t<div class=\"w-grid-item-h\">\r\n\t\t\t\t\t\t<div class=\"w-vwrapper usg_vwrapper_1 align_none valign_top\" style=\"--vwrapper-gap:0rem\"><div class=\"w-hwrapper usg_hwrapper_3 align_none valign_top\" style=\"--hwrapper-gap:1.20rem\"><div class=\"w-post-elm post_custom_field usg_post_custom_field_1 type_text yil color_link_inherit\"><span class=\"w-post-elm-value\">2023<\/span><\/div><\/div><div class=\"w-hwrapper usg_hwrapper_1 align_justify valign_top\" style=\"--hwrapper-gap:1.20rem\"><div class=\"w-hwrapper usg_hwrapper_2 align_none valign_middle\" style=\"--hwrapper-gap:1.20rem\"><div class=\"w-image usg_image_1 downloadpdf\"><a target=\"_blank\" href=\"https:\/\/www.gipta.com.tr\/wp-content\/uploads\/2023\/12\/KURUMSAL-YONETIM-KOMITESI-YONETMELIGI-ve-CALISMA-ESASLARI.pdf\" aria-label=\"Link\" class=\"w-image-h\"><img loading=\"lazy\" decoding=\"async\" width=\"127\" height=\"124\" src=\"https:\/\/www.gipta.com.tr\/wp-content\/uploads\/2023\/08\/pdf-icon.png\" class=\"attachment-large size-large\" alt=\"\" \/><\/a><\/div><div class=\"w-post-elm post_title usg_post_title_1 entry-title color_link_inherit\"><a target=\"_blank\" href=\"https:\/\/www.gipta.com.tr\/wp-content\/uploads\/2023\/12\/KURUMSAL-YONETIM-KOMITESI-YONETMELIGI-ve-CALISMA-ESASLARI.pdf\">KURUMSAL Y\u00d6NET\u0130M KOM\u0130TES\u0130 Y\u00d6NETMEL\u0130\u011e\u0130 ve \u00c7ALI\u015eMA ESASLARI<\/a><\/div><\/div><a class=\"w-btn us-btn-style_12 usg_btn_1 icon_atleft text_none\" aria-label=\"Button\" target=\"_blank\" href=\"https:\/\/www.gipta.com.tr\/wp-content\/uploads\/2023\/12\/KURUMSAL-YONETIM-KOMITESI-YONETMELIGI-ve-CALISMA-ESASLARI.pdf\"><i class=\"fal fa-arrow-alt-to-bottom\"><\/i><\/a><\/div><\/div>\t\t<\/div>\r\n\t<\/article>\r\n\t<article class=\"w-grid-item post-8536 yatirimci-iliskileri type-yatirimci-iliskileri status-publish hentry yatirimci-iliskileri-kategori-komiteler-ve-calisma-esaslari\" data-id=\"8536\">\r\n\t\t<div class=\"w-grid-item-h\">\r\n\t\t\t\t\t\t<div class=\"w-vwrapper usg_vwrapper_1 align_none valign_top\" style=\"--vwrapper-gap:0rem\"><div class=\"w-hwrapper usg_hwrapper_3 align_none valign_top\" style=\"--hwrapper-gap:1.20rem\"><div class=\"w-post-elm post_custom_field usg_post_custom_field_1 type_text yil color_link_inherit\"><span class=\"w-post-elm-value\">2023<\/span><\/div><\/div><div class=\"w-hwrapper usg_hwrapper_1 align_justify valign_top\" style=\"--hwrapper-gap:1.20rem\"><div class=\"w-hwrapper usg_hwrapper_2 align_none valign_middle\" style=\"--hwrapper-gap:1.20rem\"><div class=\"w-image usg_image_1 downloadpdf\"><a target=\"_blank\" href=\"https:\/\/www.gipta.com.tr\/wp-content\/uploads\/2023\/12\/RISKIN-ERKEN-SAPTANMASI-KOMITESI-GOREV-VE-CALISMA-ESASLARI-YONETMELIGI.pdf\" aria-label=\"Link\" class=\"w-image-h\"><img loading=\"lazy\" decoding=\"async\" width=\"127\" height=\"124\" src=\"https:\/\/www.gipta.com.tr\/wp-content\/uploads\/2023\/08\/pdf-icon.png\" class=\"attachment-large size-large\" alt=\"\" \/><\/a><\/div><div class=\"w-post-elm post_title usg_post_title_1 entry-title color_link_inherit\"><a target=\"_blank\" href=\"https:\/\/www.gipta.com.tr\/wp-content\/uploads\/2023\/12\/RISKIN-ERKEN-SAPTANMASI-KOMITESI-GOREV-VE-CALISMA-ESASLARI-YONETMELIGI.pdf\">R\u0130SK\u0130N ERKEN SAPTANMASI KOM\u0130TES\u0130 G\u00d6REV VE \u00c7ALI\u015eMA ESASLARI Y\u00d6NETMEL\u0130\u011e\u0130<\/a><\/div><\/div><a class=\"w-btn us-btn-style_12 usg_btn_1 icon_atleft text_none\" aria-label=\"Button\" target=\"_blank\" href=\"https:\/\/www.gipta.com.tr\/wp-content\/uploads\/2023\/12\/RISKIN-ERKEN-SAPTANMASI-KOMITESI-GOREV-VE-CALISMA-ESASLARI-YONETMELIGI.pdf\"><i class=\"fal fa-arrow-alt-to-bottom\"><\/i><\/a><\/div><\/div>\t\t<\/div>\r\n\t<\/article>\r\n\t<article class=\"w-grid-item post-8534 yatirimci-iliskileri type-yatirimci-iliskileri status-publish hentry yatirimci-iliskileri-kategori-komiteler-ve-calisma-esaslari\" data-id=\"8534\">\r\n\t\t<div class=\"w-grid-item-h\">\r\n\t\t\t\t\t\t<div class=\"w-vwrapper usg_vwrapper_1 align_none valign_top\" style=\"--vwrapper-gap:0rem\"><div class=\"w-hwrapper usg_hwrapper_3 align_none valign_top\" style=\"--hwrapper-gap:1.20rem\"><div class=\"w-post-elm post_custom_field usg_post_custom_field_1 type_text yil color_link_inherit\"><span class=\"w-post-elm-value\">2023<\/span><\/div><\/div><div class=\"w-hwrapper usg_hwrapper_1 align_justify valign_top\" style=\"--hwrapper-gap:1.20rem\"><div class=\"w-hwrapper usg_hwrapper_2 align_none valign_middle\" style=\"--hwrapper-gap:1.20rem\"><div class=\"w-image usg_image_1 downloadpdf\"><a target=\"_blank\" href=\"https:\/\/www.gipta.com.tr\/wp-content\/uploads\/2023\/12\/DENETIMDEN-SORUMLU-KOMITE-YONETMELIGI-ve-CALISMA-ESASLARI.pdf\" aria-label=\"Link\" class=\"w-image-h\"><img loading=\"lazy\" decoding=\"async\" width=\"127\" height=\"124\" src=\"https:\/\/www.gipta.com.tr\/wp-content\/uploads\/2023\/08\/pdf-icon.png\" class=\"attachment-large size-large\" alt=\"\" \/><\/a><\/div><div class=\"w-post-elm post_title usg_post_title_1 entry-title color_link_inherit\"><a target=\"_blank\" href=\"https:\/\/www.gipta.com.tr\/wp-content\/uploads\/2023\/12\/DENETIMDEN-SORUMLU-KOMITE-YONETMELIGI-ve-CALISMA-ESASLARI.pdf\">DENET\u0130MDEN SORUMLU KOM\u0130TE Y\u00d6NETMEL\u0130\u011e\u0130 ve \u00c7ALI\u015eMA ESASLARI<\/a><\/div><\/div><a class=\"w-btn us-btn-style_12 usg_btn_1 icon_atleft text_none\" aria-label=\"Button\" target=\"_blank\" href=\"https:\/\/www.gipta.com.tr\/wp-content\/uploads\/2023\/12\/DENETIMDEN-SORUMLU-KOMITE-YONETMELIGI-ve-CALISMA-ESASLARI.pdf\"><i class=\"fal fa-arrow-alt-to-bottom\"><\/i><\/a><\/div><\/div>\t\t<\/div>\r\n\t<\/article>\r\n<\/div><div class=\"w-grid-preloader\"><div class=\"g-preloader type_1\">\r\n\t<div><\/div>\r\n<\/div>\r\n<\/div>\t<div class=\"w-grid-json hidden\" onclick='return {&quot;action&quot;:&quot;us_ajax_grid&quot;,&quot;ajax_url&quot;:&quot;https:\\\/\\\/www.gipta.com.tr\\\/wp-admin\\\/admin-ajax.php&quot;,&quot;infinite_scroll&quot;:0,&quot;max_num_pages&quot;:1,&quot;pagination&quot;:&quot;none&quot;,&quot;permalink_url&quot;:&quot;https:\\\/\\\/www.gipta.com.tr\\\/en\\\/wp-json\\\/wp\\\/v2\\\/pages\\\/8724\\\/&quot;,&quot;template_vars&quot;:{&quot;columns&quot;:&quot;1&quot;,&quot;exclude_items&quot;:&quot;none&quot;,&quot;img_size&quot;:&quot;default&quot;,&quot;ignore_items_size&quot;:0,&quot;items_layout&quot;:&quot;8313&quot;,&quot;items_offset&quot;:&quot;1&quot;,&quot;load_animation&quot;:&quot;none&quot;,&quot;overriding_link&quot;:&quot;%7B%22url%22%3A%22%22%7D&quot;,&quot;post_id&quot;:0,&quot;query_args&quot;:{&quot;post_type&quot;:[&quot;yatirimci-iliskileri&quot;],&quot;tax_query&quot;:[{&quot;taxonomy&quot;:&quot;yatirimci-iliskileri-kategori&quot;,&quot;field&quot;:&quot;slug&quot;,&quot;terms&quot;:[&quot;komiteler-ve-calisma-esaslari&quot;]}],&quot;post_status&quot;:[&quot;publish&quot;,&quot;acf-disabled&quot;],&quot;posts_per_page&quot;:999},&quot;orderby_query_args&quot;:{&quot;orderby&quot;:{&quot;date&quot;:&quot;DESC&quot;}},&quot;type&quot;:&quot;grid&quot;,&quot;us_grid_ajax_index&quot;:1,&quot;us_grid_filter_params&quot;:null,&quot;us_grid_index&quot;:1,&quot;_us_grid_post_type&quot;:&quot;yatirimci-iliskileri&quot;,&quot;page_args&quot;:[],&quot;lang&quot;:&quot;en&quot;}}'><\/div>\r\n\t<\/div><\/div><\/div><\/div><\/div><\/div><\/section>\n","protected":false},"excerpt":{"rendered":"","protected":false},"author":1,"featured_media":0,"parent":0,"menu_order":0,"comment_status":"closed","ping_status":"closed","template":"","meta":{"_acf_changed":false,"footnotes":""},"class_list":["post-8724","page","type-page","status-publish","hentry"],"acf":[],"_links":{"self":[{"href":"https:\/\/www.gipta.com.tr\/en\/wp-json\/wp\/v2\/pages\/8724","targetHints":{"allow":["GET"]}}],"collection":[{"href":"https:\/\/www.gipta.com.tr\/en\/wp-json\/wp\/v2\/pages"}],"about":[{"href":"https:\/\/www.gipta.com.tr\/en\/wp-json\/wp\/v2\/types\/page"}],"author":[{"embeddable":true,"href":"https:\/\/www.gipta.com.tr\/en\/wp-json\/wp\/v2\/users\/1"}],"replies":[{"embeddable":true,"href":"https:\/\/www.gipta.com.tr\/en\/wp-json\/wp\/v2\/comments?post=8724"}],"version-history":[{"count":1,"href":"https:\/\/www.gipta.com.tr\/en\/wp-json\/wp\/v2\/pages\/8724\/revisions"}],"predecessor-version":[{"id":8745,"href":"https:\/\/www.gipta.com.tr\/en\/wp-json\/wp\/v2\/pages\/8724\/revisions\/8745"}],"wp:attachment":[{"href":"https:\/\/www.gipta.com.tr\/en\/wp-json\/wp\/v2\/media?parent=8724"}],"curies":[{"name":"wp","href":"https:\/\/api.w.org\/{rel}","templated":true}]}}