{"id":8723,"date":"2023-08-31T22:21:45","date_gmt":"2023-08-31T19:21:45","guid":{"rendered":"https:\/\/www.gipta.com.tr\/sirket-bilgileri\/"},"modified":"2024-01-25T16:27:10","modified_gmt":"2024-01-25T13:27:10","slug":"company-information","status":"publish","type":"page","link":"https:\/\/www.gipta.com.tr\/en\/company-information\/","title":{"rendered":"Company Information"},"content":{"rendered":"<section class=\"l-section wpb_row height_custom\"><div class=\"l-section-h i-cf\"><div class=\"g-cols vc_row via_flex valign_top type_default stacking_default\"><div class=\"vc_col-sm-12 wpb_column vc_column_container\"><div class=\"vc_column-inner\"><div class=\"wpb_wrapper\"><div class=\"wpb_text_column\"><div class=\"wpb_wrapper\"><h2>Company Information<\/h2>\n<\/div><\/div><div class=\"w-separator size_small\"><\/div><div class=\"wpb_text_column\"><div class=\"wpb_wrapper\"><table>\n<tbody>\n<tr>\n<td>Date of Establishment<\/td>\n<td>12.03.1990<\/td>\n<\/tr>\n<tr>\n<td>Headquarters<\/td>\n<td>Z\u00fcbeyde Han\u0131m Mah. Kaz\u0131m Karabekir Cad. No:7\/82Alt\u0131nda\u011f\/ANKARA<\/td>\n<\/tr>\n<tr>\n<td>Phone<\/td>\n<td>+90 312 645 19 00<\/td>\n<\/tr>\n<tr>\n<td>Fax<\/td>\n<td>+90 312 645 19 09<\/td>\n<\/tr>\n<tr>\n<td>Web<\/td>\n<td>www.gipta.com.tr<\/td>\n<\/tr>\n<tr>\n<td>E-mail<\/td>\n<td>info@gipta.com.tr<\/td>\n<\/tr>\n<tr>\n<td>Paid-in \/ Issued Capital<\/td>\n<td>100.000.000<\/td>\n<\/tr>\n<tr>\n<td>Registered Capital Ceiling<\/td>\n<td>500.000.000<\/td>\n<\/tr>\n<tr>\n<td>Trade Registry No.<\/td>\n<td>95940<\/td>\n<\/tr>\n<tr>\n<td>Ankara Chamber of Commerce Registry No.<\/td>\n<td>95940<\/td>\n<\/tr>\n<tr>\n<td>Ankara Chamber of Industry Registration No.<\/td>\n<td>5085<\/td>\n<\/tr>\n<tr>\n<td>Tax Office<\/td>\n<td>ULUS<\/td>\n<\/tr>\n<tr>\n<td>Tax Registration No.<\/td>\n<td>3950067062<\/td>\n<\/tr>\n<tr>\n<td>Company Authorities to Establish Connection<\/td>\n<td>Cenk PINAR, Member of the Board of Directors \/ cpinar@gipta.com.tr \/ +90 312 645 19 00<br \/>\nMehmet S\u00d6NMEZ, General Manager \/ msonmez@gipta.com.tr \/ +90 312 645 19 00<br \/>\nYavuz G\u00fcler, Financial Affairs and Finance \/ yguler@gipta.com.tr \/ +90 312 645 19 00<\/td>\n<\/tr>\n<\/tbody>\n<\/table>\n<\/div><\/div><\/div><\/div><\/div><\/div><\/div><\/section>\n","protected":false},"excerpt":{"rendered":"Company Information Date of Establishment 12.03.1990 Headquarters Z\u00fcbeyde Han\u0131m Mah. Kaz\u0131m Karabekir Cad. No:7\/82Alt\u0131nda\u011f\/ANKARA Phone +90 312 645 19 00 Fax +90 312 645 19 09 Web www.gipta.com.tr E-mail info@gipta.com.tr Paid-in \/ Issued Capital 100.000.000 Registered Capital Ceiling 500.000.000 Trade Registry No. 95940 Ankara Chamber of Commerce Registry No. 95940 Ankara Chamber of Industry Registration...","protected":false},"author":1,"featured_media":0,"parent":0,"menu_order":0,"comment_status":"closed","ping_status":"closed","template":"","meta":{"_acf_changed":false,"footnotes":""},"class_list":["post-8723","page","type-page","status-publish","hentry"],"acf":[],"_links":{"self":[{"href":"https:\/\/www.gipta.com.tr\/en\/wp-json\/wp\/v2\/pages\/8723","targetHints":{"allow":["GET"]}}],"collection":[{"href":"https:\/\/www.gipta.com.tr\/en\/wp-json\/wp\/v2\/pages"}],"about":[{"href":"https:\/\/www.gipta.com.tr\/en\/wp-json\/wp\/v2\/types\/page"}],"author":[{"embeddable":true,"href":"https:\/\/www.gipta.com.tr\/en\/wp-json\/wp\/v2\/users\/1"}],"replies":[{"embeddable":true,"href":"https:\/\/www.gipta.com.tr\/en\/wp-json\/wp\/v2\/comments?post=8723"}],"version-history":[{"count":2,"href":"https:\/\/www.gipta.com.tr\/en\/wp-json\/wp\/v2\/pages\/8723\/revisions"}],"predecessor-version":[{"id":8744,"href":"https:\/\/www.gipta.com.tr\/en\/wp-json\/wp\/v2\/pages\/8723\/revisions\/8744"}],"wp:attachment":[{"href":"https:\/\/www.gipta.com.tr\/en\/wp-json\/wp\/v2\/media?parent=8723"}],"curies":[{"name":"wp","href":"https:\/\/api.w.org\/{rel}","templated":true}]}}