{"id":8704,"date":"2023-08-31T22:15:32","date_gmt":"2023-08-31T19:15:32","guid":{"rendered":"https:\/\/www.gipta.com.tr\/ortaklik-yapisi\/"},"modified":"2024-01-25T15:53:12","modified_gmt":"2024-01-25T12:53:12","slug":"shareholding-structure","status":"publish","type":"page","link":"https:\/\/www.gipta.com.tr\/en\/shareholding-structure\/","title":{"rendered":"Shareholding Structure"},"content":{"rendered":"<section class=\"l-section wpb_row height_custom\"><div class=\"l-section-h i-cf\"><div class=\"g-cols vc_row via_flex valign_top type_default stacking_default\"><div class=\"vc_col-sm-12 wpb_column vc_column_container\"><div class=\"vc_column-inner\"><div class=\"wpb_wrapper\"><div class=\"wpb_text_column\"><div class=\"wpb_wrapper\"><h2>Shareholding Structure<\/h2>\n<\/div><\/div><div class=\"w-separator size_small\"><\/div><div class=\"wpb_text_column\"><div class=\"wpb_wrapper\"><p>Shareholding structure showing the shareholders holding five percent or more of the Company&#8217;s capital;<\/p>\n<table>\n<tbody>\n<tr>\n<td><strong>Group<\/strong><\/td>\n<td><strong>To the Name or the Holder<\/strong><\/td>\n<td><strong>Type of concessions (Who owns them)<\/strong><\/td>\n<td><strong>Number of Shares<\/strong><\/td>\n<td><strong>Total(TL)<\/strong><\/td>\n<td><strong>Ratio to Capital (%)<\/strong><\/td>\n<\/tr>\n<tr>\n<td>A<\/td>\n<td>Name<\/td>\n<td>CPR Enerji \u00dcretim San. ve Tic. A.\u015e.<\/td>\n<td>10.000.000<\/td>\n<td>10.000.000<\/td>\n<td>%10,00<\/td>\n<\/tr>\n<tr>\n<td>B<\/td>\n<td>Name<\/td>\n<td>Bilge Grup Ka\u011f\u0131t \u00c7evre Enerji \u0130n\u015f. Tar. \u00dcr. San. Tic. A.\u015e.<\/td>\n<td>9.000.000<\/td>\n<td>9.000.000<\/td>\n<td>%9,00<\/td>\n<\/tr>\n<tr>\n<td>C<\/td>\n<td>Holder<\/td>\n<td>Bilge Grup Ka\u011f\u0131t \u00c7evre Enerji \u0130n\u015f. Tar. \u00dcr. San. Tic. A.\u015e.<\/td>\n<td>36.600.000<\/td>\n<td>36.600.000<\/td>\n<td>%36,60<\/td>\n<\/tr>\n<tr>\n<td>C<\/td>\n<td>Holder<\/td>\n<td>CPR Enerji \u00dcretim San. ve Tic. A.\u015e.<\/td>\n<td>29.250.000<\/td>\n<td>29.250.000<\/td>\n<td>%29,25<\/td>\n<\/tr>\n<tr>\n<td>C<\/td>\n<td>Holder<\/td>\n<td>Naz\u0131m P\u0131nar<\/td>\n<td>8.000.000<\/td>\n<td>8.000.000<\/td>\n<td>%8,00<\/td>\n<\/tr>\n<\/tbody>\n<\/table>\n<p>Group A and B shareholders have 5 voting rights at the general assembly meetings.<\/p>\n<p>Shareholders holding more than 5% of the Company&#8217;s shares do not have control or dominance over the Company. Group A and B privileged shareholders have privileges written in the articles of association and these share groups do not have control over the Company.<\/p>\n<\/div><\/div><\/div><\/div><\/div><\/div><\/div><\/section>\n","protected":false},"excerpt":{"rendered":"Shareholding Structure Shareholding structure showing the shareholders holding five percent or more of the Company&#8217;s capital; Group To the Name or the Holder Type of concessions (Who owns them) Number of Shares Total(TL) Ratio to Capital (%) A Name CPR Enerji \u00dcretim San. ve Tic. A.\u015e. 10.000.000 10.000.000 %10,00 B Name Bilge Grup Ka\u011f\u0131t \u00c7evre...","protected":false},"author":1,"featured_media":0,"parent":0,"menu_order":0,"comment_status":"closed","ping_status":"closed","template":"","meta":{"_acf_changed":false,"footnotes":""},"class_list":["post-8704","page","type-page","status-publish","hentry"],"acf":[],"_links":{"self":[{"href":"https:\/\/www.gipta.com.tr\/en\/wp-json\/wp\/v2\/pages\/8704","targetHints":{"allow":["GET"]}}],"collection":[{"href":"https:\/\/www.gipta.com.tr\/en\/wp-json\/wp\/v2\/pages"}],"about":[{"href":"https:\/\/www.gipta.com.tr\/en\/wp-json\/wp\/v2\/types\/page"}],"author":[{"embeddable":true,"href":"https:\/\/www.gipta.com.tr\/en\/wp-json\/wp\/v2\/users\/1"}],"replies":[{"embeddable":true,"href":"https:\/\/www.gipta.com.tr\/en\/wp-json\/wp\/v2\/comments?post=8704"}],"version-history":[{"count":3,"href":"https:\/\/www.gipta.com.tr\/en\/wp-json\/wp\/v2\/pages\/8704\/revisions"}],"predecessor-version":[{"id":8709,"href":"https:\/\/www.gipta.com.tr\/en\/wp-json\/wp\/v2\/pages\/8704\/revisions\/8709"}],"wp:attachment":[{"href":"https:\/\/www.gipta.com.tr\/en\/wp-json\/wp\/v2\/media?parent=8704"}],"curies":[{"name":"wp","href":"https:\/\/api.w.org\/{rel}","templated":true}]}}