{"id":8700,"date":"2023-08-31T21:25:37","date_gmt":"2023-08-31T18:25:37","guid":{"rendered":"https:\/\/www.gipta.com.tr\/iletisim\/"},"modified":"2025-11-11T16:20:01","modified_gmt":"2025-11-11T13:20:01","slug":"contact","status":"publish","type":"page","link":"https:\/\/www.gipta.com.tr\/en\/contact\/","title":{"rendered":"Contact"},"content":{"rendered":"<section class=\"l-section wpb_row height_custom\"><div class=\"l-section-h i-cf\"><div class=\"g-cols vc_row via_flex valign_top type_default stacking_default\" style=\"--additional-gap:10px;\"><div class=\"vc_col-sm-6 wpb_column vc_column_container\"><div class=\"vc_column-inner\"><div class=\"wpb_wrapper\"><div class=\"wpb_text_column\"><div class=\"wpb_wrapper\"><h2>ANKARA FACTORY<\/h2>\n<\/div><\/div><div class=\"w-separator size_small\"><\/div><div class=\"w-iconbox iconpos_left style_circle color_primary align_left no_text\"><div class=\"w-iconbox-icon\" style=\"font-size:18px;\"><i class=\"fal fa-map-marker-alt\"><\/i><\/div><div class=\"w-iconbox-meta\"><div class=\"w-iconbox-title\">G\u0131pta Caddesi No:3 Gazi Mahallesi Temelli 06909 ANKARA<\/div><\/div><\/div><div class=\"w-separator size_small\"><\/div><div class=\"w-iconbox iconpos_left style_circle color_primary align_left no_text\"><a href=\"tel:+903126451900\" class=\"w-iconbox-link\" aria-label=\"+90 (312) 645 19 00\"><div class=\"w-iconbox-icon\" style=\"font-size:18px;\"><i class=\"fal fa-phone\"><\/i><\/div><\/a><div class=\"w-iconbox-meta\"><a href=\"tel:+903126451900\" class=\"w-iconbox-link\" aria-label=\"+90 (312) 645 19 00\"><div class=\"w-iconbox-title\">+90 (312) 645 19 00<\/div><\/a><\/div><\/div><div class=\"w-separator size_medium\"><\/div><div class=\"wpb_text_column\"><div class=\"wpb_wrapper\"><p><iframe loading=\"lazy\" style=\"border: 0;\" src=\"https:\/\/www.google.com\/maps\/embed?pb=!1m14!1m8!1m3!1d6137.402604962141!2d32.338789!3d39.723895!3m2!1i1024!2i768!4f13.1!3m3!1m2!1s0x14d2fd6dee58a439%3A0xa9bc6e29d8c8bd08!2zR8SxcHRhIEEuxZ8u!5e0!3m2!1str!2sus!4v1693506197680!5m2!1str!2sus\" width=\"100%\" height=\"250\" allowfullscreen=\"allowfullscreen\"><\/iframe><\/p>\n<\/div><\/div><\/div><\/div><\/div><div class=\"vc_col-sm-6 wpb_column vc_column_container\"><div class=\"vc_column-inner\"><div class=\"wpb_wrapper\"><div class=\"wpb_text_column\"><div class=\"wpb_wrapper\"><h2>\u0130STANBUL SHOWROOM<\/h2>\n<\/div><\/div><div class=\"w-separator size_small\"><\/div><div class=\"w-iconbox iconpos_left style_circle color_primary align_left no_text\"><div class=\"w-iconbox-icon\" style=\"font-size:18px;\"><i class=\"fal fa-map-marker-alt\"><\/i><\/div><div class=\"w-iconbox-meta\"><div class=\"w-iconbox-title\">\u0130sto\u00e7 16. Ada Aslan Plaza Kat:7-8 Ba\u011fc\u0131lar \u0130STANBUL<\/div><\/div><\/div><div class=\"w-separator size_small\"><\/div><div class=\"w-iconbox iconpos_left style_circle color_primary align_left no_text\"><a href=\"tel:+90 (212) 422 91 13\" class=\"w-iconbox-link\" aria-label=\"+90 (212) 422 91 13\"><div class=\"w-iconbox-icon\" style=\"font-size:18px;\"><i class=\"fal fa-phone\"><\/i><\/div><\/a><div class=\"w-iconbox-meta\"><a href=\"tel:+90 (212) 422 91 13\" class=\"w-iconbox-link\" aria-label=\"+90 (212) 422 91 13\"><div class=\"w-iconbox-title\">+90 (212) 422 91 13<\/div><\/a><\/div><\/div><div class=\"w-separator size_medium\"><\/div><div class=\"wpb_text_column\"><div class=\"wpb_wrapper\"><p><iframe loading=\"lazy\" style=\"border: 0;\" src=\"https:\/\/www.google.com\/maps\/embed?pb=!1m18!1m12!1m3!1d6022.015676973591!2d28.678481127678786!3d41.00320163290199!2m3!1f0!2f0!3f0!3m2!1i1024!2i768!4f13.1!3m3!1m2!1s0x14b5585657762079%3A0xfde0609196f8b1c4!2zR8SxcHRhIE9maXMgJiBLxLFydGFzaXll!5e0!3m2!1str!2sus!4v1693506284135!5m2!1str!2sus\" width=\"100%\" height=\"250\" allowfullscreen=\"allowfullscreen\"><span data-mce-type=\"bookmark\" style=\"display: inline-block; width: 0px; overflow: hidden; line-height: 0;\" class=\"mce_SELRES_start\">\ufeff<\/span><span data-mce-type=\"bookmark\" style=\"display: inline-block; width: 0px; overflow: hidden; line-height: 0;\" class=\"mce_SELRES_start\">\ufeff<\/span><\/iframe><\/p>\n<\/div><\/div><\/div><\/div><\/div><\/div><\/div><\/section>\n","protected":false},"excerpt":{"rendered":"ANKARA FACTORY G\u0131pta Caddesi No:3 Gazi Mahallesi Temelli 06909 ANKARA+90 (312) 645 19 00 \u0130STANBUL SHOWROOM \u0130sto\u00e7 16. Ada Aslan Plaza Kat:7-8 Ba\u011fc\u0131lar \u0130STANBUL+90 (212) 422 91 13\ufeff\ufeff","protected":false},"author":1,"featured_media":0,"parent":0,"menu_order":0,"comment_status":"closed","ping_status":"closed","template":"","meta":{"_acf_changed":false,"footnotes":""},"class_list":["post-8700","page","type-page","status-publish","hentry"],"acf":[],"_links":{"self":[{"href":"https:\/\/www.gipta.com.tr\/en\/wp-json\/wp\/v2\/pages\/8700","targetHints":{"allow":["GET"]}}],"collection":[{"href":"https:\/\/www.gipta.com.tr\/en\/wp-json\/wp\/v2\/pages"}],"about":[{"href":"https:\/\/www.gipta.com.tr\/en\/wp-json\/wp\/v2\/types\/page"}],"author":[{"embeddable":true,"href":"https:\/\/www.gipta.com.tr\/en\/wp-json\/wp\/v2\/users\/1"}],"replies":[{"embeddable":true,"href":"https:\/\/www.gipta.com.tr\/en\/wp-json\/wp\/v2\/comments?post=8700"}],"version-history":[{"count":3,"href":"https:\/\/www.gipta.com.tr\/en\/wp-json\/wp\/v2\/pages\/8700\/revisions"}],"predecessor-version":[{"id":9104,"href":"https:\/\/www.gipta.com.tr\/en\/wp-json\/wp\/v2\/pages\/8700\/revisions\/9104"}],"wp:attachment":[{"href":"https:\/\/www.gipta.com.tr\/en\/wp-json\/wp\/v2\/media?parent=8700"}],"curies":[{"name":"wp","href":"https:\/\/api.w.org\/{rel}","templated":true}]}}