{"id":8697,"date":"2023-08-31T21:16:01","date_gmt":"2023-08-31T18:16:01","guid":{"rendered":"https:\/\/www.gipta.com.tr\/dokumanlar\/"},"modified":"2025-10-17T18:58:31","modified_gmt":"2025-10-17T15:58:31","slug":"documents","status":"publish","type":"page","link":"https:\/\/www.gipta.com.tr\/en\/documents\/","title":{"rendered":"Documents"},"content":{"rendered":"<section class=\"l-section wpb_row height_custom\"><div class=\"l-section-h i-cf\"><div class=\"g-cols vc_row via_flex valign_top type_default stacking_default\"><div class=\"vc_col-sm-12 wpb_column vc_column_container\"><div class=\"vc_column-inner\"><div class=\"wpb_wrapper\"><div class=\"wpb_text_column\"><div class=\"wpb_wrapper\"><h2>Documents<\/h2>\n<\/div><\/div><div class=\"w-separator size_small\"><\/div><div class=\"wpb_text_column\"><div class=\"wpb_wrapper\"><p>Discover the products prepared by G\u0131pta A.\u015e. by combining quality, innovation, and originality with more than 30 years of experience in stationery and promotion sectors.<\/p>\n<p>As G\u0131pta A.\u015e., we aim to offer you the best service with our quality products and innovative approach. Discover G\u0131pta quality by downloading our product catalogues and enjoy bringing aesthetics and functionality to your life.<\/p>\n<\/div><\/div><div class=\"w-separator size_medium\"><\/div><div class=\"g-cols wpb_row via_flex valign_top type_default stacking_default\"><div class=\"vc_col-sm-12 wpb_column vc_column_container\"><div class=\"vc_column-inner\"><div class=\"wpb_wrapper\"><div class=\"wpb_text_column us_custom_4f46371a has_text_color\"><div class=\"wpb_wrapper\"><p>CERTIFICATE<\/p>\n<\/div><\/div><div class=\"w-hwrapper us_custom_845e62b6 valign_middle align_justify\" style=\"--hwrapper-gap:1.20rem\"><div class=\"w-iconbox us_custom_9de87d4e iconpos_left style_default color_primary align_none no_text icontype_img\"><a target=\"_blank\" href=\"https:\/\/www.gipta.com.tr\/wp-content\/uploads\/2024\/02\/ISO-9001.pdf\" class=\"w-iconbox-link\" aria-label=\"Quality Management System Certificate\"><div class=\"w-iconbox-icon\" style=\"font-size:2rem;\"><img loading=\"lazy\" decoding=\"async\" width=\"127\" height=\"124\" src=\"https:\/\/www.gipta.com.tr\/wp-content\/uploads\/2023\/08\/pdf-icon.png\" class=\"attachment-full size-full\" alt=\"\" \/><\/div><\/a><div class=\"w-iconbox-meta\"><a target=\"_blank\" href=\"https:\/\/www.gipta.com.tr\/wp-content\/uploads\/2024\/02\/ISO-9001.pdf\" class=\"w-iconbox-link\" aria-label=\"Quality Management System Certificate\"><div class=\"w-iconbox-title\">Quality Management System Certificate<\/div><\/a><\/div><\/div><div class=\"w-iconbox iconpos_top style_default color_custom align_center no_text no_title\"><a target=\"_blank\" href=\"https:\/\/www.gipta.com.tr\/wp-content\/uploads\/2024\/02\/ISO-9001.pdf\" class=\"w-iconbox-link\" aria-label=\"fal|arrow-alt-to-bottom\"><div class=\"w-iconbox-icon\" style=\"font-size:2rem;--icon-color:#DBE3F0;\"><i class=\"fal fa-arrow-alt-to-bottom\"><\/i><\/div><\/a><div class=\"w-iconbox-meta\"><\/div><\/div><\/div><\/div><\/div><\/div><\/div><div class=\"w-separator size_medium\"><\/div><div class=\"g-cols wpb_row via_flex valign_top type_default stacking_default\"><div class=\"vc_col-sm-12 wpb_column vc_column_container\"><div class=\"vc_column-inner\"><div class=\"wpb_wrapper\"><div class=\"wpb_text_column us_custom_4f46371a has_text_color\"><div class=\"wpb_wrapper\"><p>CERTIFICATE<\/p>\n<\/div><\/div><div class=\"w-hwrapper us_custom_845e62b6 valign_middle align_justify\" style=\"--hwrapper-gap:1.20rem\"><div class=\"w-iconbox us_custom_9de87d4e iconpos_left style_default color_primary align_none no_text icontype_img\"><a target=\"_blank\" href=\"https:\/\/www.gipta.com.tr\/wp-content\/uploads\/2024\/02\/ISO-14001.pdf\" class=\"w-iconbox-link\" aria-label=\"Environmental Management System Certificate\"><div class=\"w-iconbox-icon\" style=\"font-size:2rem;\"><img loading=\"lazy\" decoding=\"async\" width=\"127\" height=\"124\" src=\"https:\/\/www.gipta.com.tr\/wp-content\/uploads\/2023\/08\/pdf-icon.png\" class=\"attachment-full size-full\" alt=\"\" \/><\/div><\/a><div class=\"w-iconbox-meta\"><a target=\"_blank\" href=\"https:\/\/www.gipta.com.tr\/wp-content\/uploads\/2024\/02\/ISO-14001.pdf\" class=\"w-iconbox-link\" aria-label=\"Environmental Management System Certificate\"><div class=\"w-iconbox-title\">Environmental Management System Certificate<\/div><\/a><\/div><\/div><div class=\"w-iconbox iconpos_top style_default color_custom align_center no_text no_title\"><a target=\"_blank\" href=\"https:\/\/www.gipta.com.tr\/wp-content\/uploads\/2024\/02\/ISO-14001.pdf\" class=\"w-iconbox-link\" aria-label=\"fal|arrow-alt-to-bottom\"><div class=\"w-iconbox-icon\" style=\"font-size:2rem;--icon-color:#DBE3F0;\"><i class=\"fal fa-arrow-alt-to-bottom\"><\/i><\/div><\/a><div class=\"w-iconbox-meta\"><\/div><\/div><\/div><\/div><\/div><\/div><\/div><div class=\"w-separator size_medium\"><\/div><div class=\"g-cols wpb_row via_flex valign_top type_default stacking_default\"><div class=\"vc_col-sm-12 wpb_column vc_column_container\"><div class=\"vc_column-inner\"><div class=\"wpb_wrapper\"><div class=\"wpb_text_column us_custom_4f46371a has_text_color\"><div class=\"wpb_wrapper\"><p>CERTIFICATE<\/p>\n<\/div><\/div><div class=\"w-hwrapper us_custom_845e62b6 valign_middle align_justify\" style=\"--hwrapper-gap:1.20rem\"><div class=\"w-iconbox us_custom_9de87d4e iconpos_left style_default color_primary align_none no_text icontype_img\"><a target=\"_blank\" href=\"https:\/\/www.gipta.com.tr\/wp-content\/uploads\/2023\/09\/hizmetYeterlilikBelgesi_b.jpg\" class=\"w-iconbox-link\" aria-label=\"Service Competence Certificate\"><div class=\"w-iconbox-icon\" style=\"font-size:2rem;\"><img loading=\"lazy\" decoding=\"async\" width=\"127\" height=\"124\" src=\"https:\/\/www.gipta.com.tr\/wp-content\/uploads\/2023\/08\/pdf-icon.png\" class=\"attachment-full size-full\" alt=\"\" \/><\/div><\/a><div class=\"w-iconbox-meta\"><a target=\"_blank\" href=\"https:\/\/www.gipta.com.tr\/wp-content\/uploads\/2023\/09\/hizmetYeterlilikBelgesi_b.jpg\" class=\"w-iconbox-link\" aria-label=\"Service Competence Certificate\"><div class=\"w-iconbox-title\">Service Competence Certificate<\/div><\/a><\/div><\/div><div class=\"w-iconbox iconpos_top style_default color_custom align_center no_text no_title\"><a target=\"_blank\" href=\"https:\/\/www.gipta.com.tr\/wp-content\/uploads\/2023\/09\/hizmetYeterlilikBelgesi_b.jpg\" class=\"w-iconbox-link\" aria-label=\"fal|arrow-alt-to-bottom\"><div class=\"w-iconbox-icon\" style=\"font-size:2rem;--icon-color:#DBE3F0;\"><i class=\"fal fa-arrow-alt-to-bottom\"><\/i><\/div><\/a><div class=\"w-iconbox-meta\"><\/div><\/div><\/div><\/div><\/div><\/div><\/div><div class=\"w-separator size_medium\"><\/div><div class=\"g-cols wpb_row via_flex valign_top type_default stacking_default\"><div class=\"vc_col-sm-12 wpb_column vc_column_container\"><div class=\"vc_column-inner\"><div class=\"wpb_wrapper\"><div class=\"wpb_text_column us_custom_4f46371a has_text_color\"><div class=\"wpb_wrapper\"><p>CERTIFICATE<\/p>\n<\/div><\/div><div class=\"w-hwrapper us_custom_845e62b6 valign_middle align_justify\" style=\"--hwrapper-gap:1.20rem\"><div class=\"w-iconbox us_custom_9de87d4e iconpos_left style_default color_primary align_none no_text icontype_img\"><a target=\"_blank\" href=\"https:\/\/www.gipta.com.tr\/wp-content\/uploads\/2024\/02\/FSC-Cert.Issue_.1.pdf\" class=\"w-iconbox-link\" aria-label=\"FSC\u00ae Certificate FSC-C196895\"><div class=\"w-iconbox-icon\" style=\"font-size:2rem;\"><img loading=\"lazy\" decoding=\"async\" width=\"127\" height=\"124\" src=\"https:\/\/www.gipta.com.tr\/wp-content\/uploads\/2023\/08\/pdf-icon.png\" class=\"attachment-full size-full\" alt=\"\" \/><\/div><\/a><div class=\"w-iconbox-meta\"><a target=\"_blank\" href=\"https:\/\/www.gipta.com.tr\/wp-content\/uploads\/2024\/02\/FSC-Cert.Issue_.1.pdf\" class=\"w-iconbox-link\" aria-label=\"FSC\u00ae Certificate FSC-C196895\"><div class=\"w-iconbox-title\">FSC\u00ae Certificate FSC-C196895<\/div><\/a><\/div><\/div><div class=\"w-iconbox iconpos_top style_default color_custom align_center no_text no_title\"><a target=\"_blank\" href=\"https:\/\/www.gipta.com.tr\/wp-content\/uploads\/2024\/02\/FSC-Cert.Issue_.1.pdf\" class=\"w-iconbox-link\" aria-label=\"fal|arrow-alt-to-bottom\"><div class=\"w-iconbox-icon\" style=\"font-size:2rem;--icon-color:#DBE3F0;\"><i class=\"fal fa-arrow-alt-to-bottom\"><\/i><\/div><\/a><div class=\"w-iconbox-meta\"><\/div><\/div><\/div><\/div><\/div><\/div><\/div><div class=\"g-cols wpb_row via_flex valign_top type_default stacking_default\"><div class=\"vc_col-sm-12 wpb_column vc_column_container\"><div class=\"vc_column-inner\"><div class=\"wpb_wrapper\"><div class=\"wpb_text_column us_custom_4f46371a has_text_color\"><div class=\"wpb_wrapper\"><p>CATALOG<\/p>\n<\/div><\/div><div class=\"w-hwrapper us_custom_845e62b6 valign_middle align_justify\" style=\"--hwrapper-gap:1.20rem\"><div class=\"w-iconbox us_custom_9de87d4e iconpos_left style_default color_primary align_none no_text icontype_img\"><a target=\"_blank\" href=\"https:\/\/www.gipta.com.tr\/kataloglar\/GIPTA_KirtasiyeAjanda.pdf\" class=\"w-iconbox-link\" aria-label=\"Stationery &#8211; Agenda Catalog\"><div class=\"w-iconbox-icon\" style=\"font-size:2rem;\"><img loading=\"lazy\" decoding=\"async\" width=\"127\" height=\"124\" src=\"https:\/\/www.gipta.com.tr\/wp-content\/uploads\/2023\/08\/pdf-icon.png\" class=\"attachment-full size-full\" alt=\"\" \/><\/div><\/a><div class=\"w-iconbox-meta\"><a target=\"_blank\" href=\"https:\/\/www.gipta.com.tr\/kataloglar\/GIPTA_KirtasiyeAjanda.pdf\" class=\"w-iconbox-link\" aria-label=\"Stationery &#8211; Agenda Catalog\"><div class=\"w-iconbox-title\">Stationery &#8211; Agenda Catalog<\/div><\/a><\/div><\/div><div class=\"w-iconbox iconpos_top style_default color_custom align_center no_text no_title\"><a target=\"_blank\" href=\"https:\/\/www.gipta.com.tr\/kataloglar\/GIPTA_KirtasiyeAjanda.pdf\" class=\"w-iconbox-link\" aria-label=\"fal|arrow-alt-to-bottom\"><div class=\"w-iconbox-icon\" style=\"font-size:2rem;--icon-color:#DBE3F0;\"><i class=\"fal fa-arrow-alt-to-bottom\"><\/i><\/div><\/a><div class=\"w-iconbox-meta\"><\/div><\/div><\/div><\/div><\/div><\/div><\/div><div class=\"w-separator size_medium\"><\/div><div class=\"g-cols wpb_row via_flex valign_top type_default stacking_default\"><div class=\"vc_col-sm-12 wpb_column vc_column_container\"><div class=\"vc_column-inner\"><div class=\"wpb_wrapper\"><div class=\"wpb_text_column us_custom_4f46371a has_text_color\"><div class=\"wpb_wrapper\"><p>CATALOG<\/p>\n<\/div><\/div><div class=\"w-hwrapper us_custom_845e62b6 valign_middle align_justify\" style=\"--hwrapper-gap:1.20rem\"><div class=\"w-iconbox us_custom_9de87d4e iconpos_left style_default color_primary align_none no_text icontype_img\"><a target=\"_blank\" href=\"https:\/\/www.gipta.com.tr\/kataloglar\/GIPTA_Stationery.pdf\" class=\"w-iconbox-link\" aria-label=\"GIPTA Notebook Catalog\"><div class=\"w-iconbox-icon\" style=\"font-size:2rem;\"><img loading=\"lazy\" decoding=\"async\" width=\"127\" height=\"124\" src=\"https:\/\/www.gipta.com.tr\/wp-content\/uploads\/2023\/08\/pdf-icon.png\" class=\"attachment-full size-full\" alt=\"\" \/><\/div><\/a><div class=\"w-iconbox-meta\"><a target=\"_blank\" href=\"https:\/\/www.gipta.com.tr\/kataloglar\/GIPTA_Stationery.pdf\" class=\"w-iconbox-link\" aria-label=\"GIPTA Notebook Catalog\"><div class=\"w-iconbox-title\">GIPTA Notebook Catalog<\/div><\/a><\/div><\/div><div class=\"w-iconbox iconpos_top style_default color_custom align_center no_text no_title\"><a target=\"_blank\" href=\"https:\/\/www.gipta.com.tr\/kataloglar\/GIPTA_Stationery.pdf\" class=\"w-iconbox-link\" aria-label=\"fal|arrow-alt-to-bottom\"><div class=\"w-iconbox-icon\" style=\"font-size:2rem;--icon-color:#DBE3F0;\"><i class=\"fal fa-arrow-alt-to-bottom\"><\/i><\/div><\/a><div class=\"w-iconbox-meta\"><\/div><\/div><\/div><\/div><\/div><\/div><\/div><div class=\"w-separator size_medium\"><\/div><div class=\"g-cols wpb_row via_flex valign_top type_default stacking_default\"><div class=\"vc_col-sm-12 wpb_column vc_column_container\"><div class=\"vc_column-inner\"><div class=\"wpb_wrapper\"><div class=\"wpb_text_column us_custom_4f46371a has_text_color\"><div class=\"wpb_wrapper\"><p>CATALOG<\/p>\n<\/div><\/div><div class=\"w-hwrapper us_custom_845e62b6 valign_middle align_justify\" style=\"--hwrapper-gap:1.20rem\"><div class=\"w-iconbox us_custom_9de87d4e iconpos_left style_default color_primary align_none no_text icontype_img\"><a target=\"_blank\" href=\"https:\/\/www.gipta.com.tr\/kataloglar\/GIPTA_OfisVeOkul_urunleri.pdf\" class=\"w-iconbox-link\" aria-label=\"Office and Kids Products Catalog\"><div class=\"w-iconbox-icon\" style=\"font-size:2rem;\"><img loading=\"lazy\" decoding=\"async\" width=\"127\" height=\"124\" src=\"https:\/\/www.gipta.com.tr\/wp-content\/uploads\/2023\/08\/pdf-icon.png\" class=\"attachment-full size-full\" alt=\"\" \/><\/div><\/a><div class=\"w-iconbox-meta\"><a target=\"_blank\" href=\"https:\/\/www.gipta.com.tr\/kataloglar\/GIPTA_OfisVeOkul_urunleri.pdf\" class=\"w-iconbox-link\" aria-label=\"Office and Kids Products Catalog\"><div class=\"w-iconbox-title\">Office and Kids Products Catalog<\/div><\/a><\/div><\/div><div class=\"w-iconbox iconpos_top style_default color_custom align_center no_text no_title\"><a target=\"_blank\" href=\"https:\/\/www.gipta.com.tr\/kataloglar\/GIPTA_OfisVeOkul_urunleri.pdf\" class=\"w-iconbox-link\" aria-label=\"fal|arrow-alt-to-bottom\"><div class=\"w-iconbox-icon\" style=\"font-size:2rem;--icon-color:#DBE3F0;\"><i class=\"fal fa-arrow-alt-to-bottom\"><\/i><\/div><\/a><div class=\"w-iconbox-meta\"><\/div><\/div><\/div><\/div><\/div><\/div><\/div><div class=\"w-separator size_medium\"><\/div><div class=\"g-cols wpb_row via_flex valign_top type_default stacking_default\"><div class=\"vc_col-sm-12 wpb_column vc_column_container\"><div class=\"vc_column-inner\"><div class=\"wpb_wrapper\"><div class=\"wpb_text_column us_custom_4f46371a has_text_color\"><div class=\"wpb_wrapper\"><p>CATALOG<\/p>\n<\/div><\/div><div class=\"w-hwrapper us_custom_845e62b6 valign_middle align_justify\" style=\"--hwrapper-gap:1.20rem\"><div class=\"w-iconbox us_custom_9de87d4e iconpos_left style_default color_primary align_none no_text icontype_img\"><a target=\"_blank\" href=\"https:\/\/www.gipta.com.tr\/kataloglar\/GIPTA_GiftBox_Bag_Orgnzr.pdf\" class=\"w-iconbox-link\" aria-label=\"Gift Box and Bag Catalog\"><div class=\"w-iconbox-icon\" style=\"font-size:2rem;\"><img loading=\"lazy\" decoding=\"async\" width=\"127\" height=\"124\" src=\"https:\/\/www.gipta.com.tr\/wp-content\/uploads\/2023\/08\/pdf-icon.png\" class=\"attachment-full size-full\" alt=\"\" \/><\/div><\/a><div class=\"w-iconbox-meta\"><a target=\"_blank\" href=\"https:\/\/www.gipta.com.tr\/kataloglar\/GIPTA_GiftBox_Bag_Orgnzr.pdf\" class=\"w-iconbox-link\" aria-label=\"Gift Box and Bag Catalog\"><div class=\"w-iconbox-title\">Gift Box and Bag Catalog<\/div><\/a><\/div><\/div><div class=\"w-iconbox iconpos_top style_default color_custom align_center no_text no_title\"><a target=\"_blank\" href=\"https:\/\/www.gipta.com.tr\/kataloglar\/GIPTA_GiftBox_Bag_Orgnzr.pdf\" class=\"w-iconbox-link\" aria-label=\"fal|arrow-alt-to-bottom\"><div class=\"w-iconbox-icon\" style=\"font-size:2rem;--icon-color:#DBE3F0;\"><i class=\"fal fa-arrow-alt-to-bottom\"><\/i><\/div><\/a><div class=\"w-iconbox-meta\"><\/div><\/div><\/div><\/div><\/div><\/div><\/div><div class=\"w-separator size_medium\"><\/div><div class=\"g-cols wpb_row via_flex valign_top type_default stacking_default\"><div class=\"vc_col-sm-12 wpb_column vc_column_container\"><div class=\"vc_column-inner\"><div class=\"wpb_wrapper\"><div class=\"wpb_text_column us_custom_4f46371a has_text_color\"><div class=\"wpb_wrapper\"><p>CATALOG<\/p>\n<\/div><\/div><div class=\"w-hwrapper us_custom_845e62b6 valign_middle align_justify\" style=\"--hwrapper-gap:1.20rem\"><div class=\"w-iconbox us_custom_9de87d4e iconpos_left style_default color_primary align_none no_text icontype_img\"><a target=\"_blank\" href=\"https:\/\/www.gipta.com.tr\/kataloglar\/GIPTA_Promosyon.pdf\" class=\"w-iconbox-link\" aria-label=\"Promotion Catalog\"><div class=\"w-iconbox-icon\" style=\"font-size:2rem;\"><img loading=\"lazy\" decoding=\"async\" width=\"127\" height=\"124\" src=\"https:\/\/www.gipta.com.tr\/wp-content\/uploads\/2023\/08\/pdf-icon.png\" class=\"attachment-full size-full\" alt=\"\" \/><\/div><\/a><div class=\"w-iconbox-meta\"><a target=\"_blank\" href=\"https:\/\/www.gipta.com.tr\/kataloglar\/GIPTA_Promosyon.pdf\" class=\"w-iconbox-link\" aria-label=\"Promotion Catalog\"><div class=\"w-iconbox-title\">Promotion Catalog<\/div><\/a><\/div><\/div><div class=\"w-iconbox iconpos_top style_default color_custom align_center no_text no_title\"><a target=\"_blank\" href=\"https:\/\/www.gipta.com.tr\/kataloglar\/GIPTA_Promosyon.pdf\" class=\"w-iconbox-link\" aria-label=\"fal|arrow-alt-to-bottom\"><div class=\"w-iconbox-icon\" style=\"font-size:2rem;--icon-color:#DBE3F0;\"><i class=\"fal fa-arrow-alt-to-bottom\"><\/i><\/div><\/a><div class=\"w-iconbox-meta\"><\/div><\/div><\/div><\/div><\/div><\/div><\/div><\/div><\/div><\/div><\/div><\/div><\/section>\n","protected":false},"excerpt":{"rendered":"Documents Discover the products prepared by G\u0131pta A.\u015e. by combining quality, innovation, and originality with more than 30 years of experience in stationery and promotion sectors. As G\u0131pta A.\u015e., we aim to offer you the best service with our quality products and innovative approach. Discover G\u0131pta quality by downloading our product catalogues and enjoy bringing...","protected":false},"author":1,"featured_media":8561,"parent":0,"menu_order":0,"comment_status":"closed","ping_status":"closed","template":"","meta":{"_acf_changed":false,"footnotes":""},"class_list":["post-8697","page","type-page","status-publish","has-post-thumbnail","hentry"],"acf":[],"_links":{"self":[{"href":"https:\/\/www.gipta.com.tr\/en\/wp-json\/wp\/v2\/pages\/8697","targetHints":{"allow":["GET"]}}],"collection":[{"href":"https:\/\/www.gipta.com.tr\/en\/wp-json\/wp\/v2\/pages"}],"about":[{"href":"https:\/\/www.gipta.com.tr\/en\/wp-json\/wp\/v2\/types\/page"}],"author":[{"embeddable":true,"href":"https:\/\/www.gipta.com.tr\/en\/wp-json\/wp\/v2\/users\/1"}],"replies":[{"embeddable":true,"href":"https:\/\/www.gipta.com.tr\/en\/wp-json\/wp\/v2\/comments?post=8697"}],"version-history":[{"count":7,"href":"https:\/\/www.gipta.com.tr\/en\/wp-json\/wp\/v2\/pages\/8697\/revisions"}],"predecessor-version":[{"id":9087,"href":"https:\/\/www.gipta.com.tr\/en\/wp-json\/wp\/v2\/pages\/8697\/revisions\/9087"}],"wp:featuredmedia":[{"embeddable":true,"href":"https:\/\/www.gipta.com.tr\/en\/wp-json\/wp\/v2\/media\/8561"}],"wp:attachment":[{"href":"https:\/\/www.gipta.com.tr\/en\/wp-json\/wp\/v2\/media?parent=8697"}],"curies":[{"name":"wp","href":"https:\/\/api.w.org\/{rel}","templated":true}]}}