{"id":8661,"date":"2023-08-31T15:53:51","date_gmt":"2023-08-31T12:53:51","guid":{"rendered":"https:\/\/www.gipta.com.tr\/yonetim-kurulu\/"},"modified":"2024-12-02T15:46:06","modified_gmt":"2024-12-02T12:46:06","slug":"board-of-directors","status":"publish","type":"page","link":"https:\/\/www.gipta.com.tr\/en\/board-of-directors\/","title":{"rendered":"Board of Directors"},"content":{"rendered":"<section class=\"l-section wpb_row height_custom\"><div class=\"l-section-h i-cf\"><div class=\"g-cols vc_row via_flex valign_top type_default stacking_default\"><div class=\"vc_col-sm-12 wpb_column vc_column_container\"><div class=\"vc_column-inner\"><div class=\"wpb_wrapper\"><div class=\"wpb_text_column\"><div class=\"wpb_wrapper\"><h2>Board of Directors<\/h2>\n<\/div><\/div><div class=\"w-separator size_small\"><\/div><div class=\"g-cols wpb_row via_flex valign_top type_default stacking_default\"><div class=\"vc_col-sm-3 wpb_column vc_column_container\"><div class=\"vc_column-inner\"><div class=\"wpb_wrapper\"><div class=\"w-person layout_simple\" itemscope itemtype=\"https:\/\/schema.org\/Person\"><div class=\"w-person-image\"><a href=\"https:\/\/www.gipta.com.tr\/en\/vecdet-fehmi-sendil\/\" class=\"w-person-link\" aria-label=\"Vecdet Fehmi \u015eEND\u0130L\"><img loading=\"lazy\" decoding=\"async\" width=\"600\" height=\"800\" src=\"https:\/\/www.gipta.com.tr\/wp-content\/uploads\/2023\/09\/yk-img-001.jpg\" class=\"attachment-full size-full\" alt=\"\" srcset=\"https:\/\/www.gipta.com.tr\/wp-content\/uploads\/2023\/09\/yk-img-001.jpg 600w, https:\/\/www.gipta.com.tr\/wp-content\/uploads\/2023\/09\/yk-img-001-225x300.jpg 225w\" sizes=\"auto, (max-width: 600px) 100vw, 600px\" \/><\/a><\/div><div class=\"w-person-content\"><a href=\"https:\/\/www.gipta.com.tr\/en\/vecdet-fehmi-sendil\/\" class=\"w-person-link\" aria-label=\"Vecdet Fehmi \u015eEND\u0130L\"><h4 itemprop=\"name\" class=\"w-person-name\"><span>Vecdet Fehmi \u015eEND\u0130L<\/span><\/h4><\/a><div class=\"w-person-role\" itemprop=\"jobTitle\">Chairman of the Board of Directors<\/div><\/div><\/div><\/div><\/div><\/div><div class=\"vc_col-sm-3 wpb_column vc_column_container\"><div class=\"vc_column-inner\"><div class=\"wpb_wrapper\"><div class=\"w-person layout_simple\" itemscope itemtype=\"https:\/\/schema.org\/Person\"><div class=\"w-person-image\"><a href=\"https:\/\/www.gipta.com.tr\/en\/nazim-pinar\/\" class=\"w-person-link\" aria-label=\"Naz\u0131m PINAR\"><img loading=\"lazy\" decoding=\"async\" width=\"600\" height=\"800\" src=\"https:\/\/www.gipta.com.tr\/wp-content\/uploads\/2023\/09\/yk-img-005.jpg\" class=\"attachment-full size-full\" alt=\"\" srcset=\"https:\/\/www.gipta.com.tr\/wp-content\/uploads\/2023\/09\/yk-img-005.jpg 600w, https:\/\/www.gipta.com.tr\/wp-content\/uploads\/2023\/09\/yk-img-005-225x300.jpg 225w\" sizes=\"auto, (max-width: 600px) 100vw, 600px\" \/><\/a><\/div><div class=\"w-person-content\"><a href=\"https:\/\/www.gipta.com.tr\/en\/nazim-pinar\/\" class=\"w-person-link\" aria-label=\"Naz\u0131m PINAR\"><h4 itemprop=\"name\" class=\"w-person-name\"><span>Naz\u0131m PINAR<\/span><\/h4><\/a><div class=\"w-person-role\" itemprop=\"jobTitle\">Deputy Chairman of the Board of Directors<\/div><\/div><\/div><\/div><\/div><\/div><div class=\"vc_col-sm-3 wpb_column vc_column_container\"><div class=\"vc_column-inner\"><div class=\"wpb_wrapper\"><div class=\"w-person layout_simple\" itemscope itemtype=\"https:\/\/schema.org\/Person\"><div class=\"w-person-image\"><a href=\"https:\/\/www.gipta.com.tr\/en\/cenk-pinar\/\" class=\"w-person-link\" aria-label=\"Cenk PINAR\"><img loading=\"lazy\" decoding=\"async\" width=\"600\" height=\"800\" src=\"https:\/\/www.gipta.com.tr\/wp-content\/uploads\/2023\/09\/yk-img-002.jpg\" class=\"attachment-full size-full\" alt=\"\" srcset=\"https:\/\/www.gipta.com.tr\/wp-content\/uploads\/2023\/09\/yk-img-002.jpg 600w, https:\/\/www.gipta.com.tr\/wp-content\/uploads\/2023\/09\/yk-img-002-225x300.jpg 225w\" sizes=\"auto, (max-width: 600px) 100vw, 600px\" \/><\/a><\/div><div class=\"w-person-content\"><a href=\"https:\/\/www.gipta.com.tr\/en\/cenk-pinar\/\" class=\"w-person-link\" aria-label=\"Cenk PINAR\"><h4 itemprop=\"name\" class=\"w-person-name\"><span>Cenk PINAR<\/span><\/h4><\/a><div class=\"w-person-role\" itemprop=\"jobTitle\">Board Member<\/div><\/div><\/div><\/div><\/div><\/div><div class=\"vc_col-sm-3 wpb_column vc_column_container\"><div class=\"vc_column-inner\"><div class=\"wpb_wrapper\"><div class=\"w-person layout_simple\" itemscope itemtype=\"https:\/\/schema.org\/Person\"><div class=\"w-person-image\"><a href=\"https:\/\/www.gipta.com.tr\/en\/mustafa-deryal\/\" class=\"w-person-link\" aria-label=\"Mustafa DERYAL\"><img loading=\"lazy\" decoding=\"async\" width=\"600\" height=\"800\" src=\"https:\/\/www.gipta.com.tr\/wp-content\/uploads\/2023\/09\/yk-img-003.jpg\" class=\"attachment-full size-full\" alt=\"\" srcset=\"https:\/\/www.gipta.com.tr\/wp-content\/uploads\/2023\/09\/yk-img-003.jpg 600w, https:\/\/www.gipta.com.tr\/wp-content\/uploads\/2023\/09\/yk-img-003-225x300.jpg 225w\" sizes=\"auto, (max-width: 600px) 100vw, 600px\" \/><\/a><\/div><div class=\"w-person-content\"><a href=\"https:\/\/www.gipta.com.tr\/en\/mustafa-deryal\/\" class=\"w-person-link\" aria-label=\"Mustafa DERYAL\"><h4 itemprop=\"name\" class=\"w-person-name\"><span>Mustafa DERYAL<\/span><\/h4><\/a><div class=\"w-person-role\" itemprop=\"jobTitle\">Board Member<\/div><\/div><\/div><\/div><\/div><\/div><\/div><div class=\"w-separator size_medium\"><\/div><div class=\"g-cols wpb_row via_flex valign_top type_default stacking_default\"><div class=\"vc_col-sm-3 wpb_column vc_column_container\"><div class=\"vc_column-inner\"><div class=\"wpb_wrapper\"><div class=\"w-person layout_simple\" itemscope itemtype=\"https:\/\/schema.org\/Person\"><div class=\"w-person-image\"><a href=\"https:\/\/www.gipta.com.tr\/en\/bulent-sonmez\/\" class=\"w-person-link\" aria-label=\"B\u00fclent S\u00d6NMEZ\"><img loading=\"lazy\" decoding=\"async\" width=\"600\" height=\"800\" src=\"https:\/\/www.gipta.com.tr\/wp-content\/uploads\/2023\/09\/yk-img-004.jpg\" class=\"attachment-full size-full\" alt=\"\" srcset=\"https:\/\/www.gipta.com.tr\/wp-content\/uploads\/2023\/09\/yk-img-004.jpg 600w, https:\/\/www.gipta.com.tr\/wp-content\/uploads\/2023\/09\/yk-img-004-225x300.jpg 225w\" sizes=\"auto, (max-width: 600px) 100vw, 600px\" \/><\/a><\/div><div class=\"w-person-content\"><a href=\"https:\/\/www.gipta.com.tr\/en\/bulent-sonmez\/\" class=\"w-person-link\" aria-label=\"B\u00fclent S\u00d6NMEZ\"><h4 itemprop=\"name\" class=\"w-person-name\"><span>B\u00fclent S\u00d6NMEZ<\/span><\/h4><\/a><div class=\"w-person-role\" itemprop=\"jobTitle\">Independent Board Member<\/div><\/div><\/div><\/div><\/div><\/div><div class=\"vc_col-sm-3 wpb_column vc_column_container\"><div class=\"vc_column-inner\"><div class=\"wpb_wrapper\"><div class=\"w-person layout_simple\" itemscope itemtype=\"https:\/\/schema.org\/Person\"><div class=\"w-person-image\"><a href=\"https:\/\/www.gipta.com.tr\/en\/mustafa-coskun-karadeniz\/\" class=\"w-person-link\" aria-label=\"Mustafa Co\u015fkun KARADEN\u0130Z\"><img loading=\"lazy\" decoding=\"async\" width=\"600\" height=\"800\" src=\"https:\/\/www.gipta.com.tr\/wp-content\/uploads\/2024\/12\/mcoskunkaradeniz-img.jpg\" class=\"attachment-full size-full\" alt=\"\" srcset=\"https:\/\/www.gipta.com.tr\/wp-content\/uploads\/2024\/12\/mcoskunkaradeniz-img.jpg 600w, https:\/\/www.gipta.com.tr\/wp-content\/uploads\/2024\/12\/mcoskunkaradeniz-img-225x300.jpg 225w\" sizes=\"auto, (max-width: 600px) 100vw, 600px\" \/><\/a><\/div><div class=\"w-person-content\"><a href=\"https:\/\/www.gipta.com.tr\/en\/mustafa-coskun-karadeniz\/\" class=\"w-person-link\" aria-label=\"Mustafa Co\u015fkun KARADEN\u0130Z\"><h4 itemprop=\"name\" class=\"w-person-name\"><span>Mustafa Co\u015fkun KARADEN\u0130Z<\/span><\/h4><\/a><div class=\"w-person-role\" itemprop=\"jobTitle\">Independent Board Member<\/div><\/div><\/div><\/div><\/div><\/div><div class=\"vc_col-sm-3 wpb_column vc_column_container\"><div class=\"vc_column-inner\"><div class=\"wpb_wrapper\"><\/div><\/div><\/div><div class=\"vc_col-sm-3 wpb_column vc_column_container\"><div class=\"vc_column-inner\"><div class=\"wpb_wrapper\"><\/div><\/div><\/div><\/div><\/div><\/div><\/div><\/div><\/div><\/section>\n","protected":false},"excerpt":{"rendered":"Board of Directors Vecdet Fehmi \u015eEND\u0130LChairman of the Board of DirectorsNaz\u0131m PINARDeputy Chairman of the Board of DirectorsCenk PINARBoard MemberMustafa DERYALBoard MemberB\u00fclent S\u00d6NMEZIndependent Board MemberMustafa Co\u015fkun KARADEN\u0130ZIndependent Board Member","protected":false},"author":1,"featured_media":8561,"parent":0,"menu_order":0,"comment_status":"closed","ping_status":"closed","template":"","meta":{"_acf_changed":false,"footnotes":""},"class_list":["post-8661","page","type-page","status-publish","has-post-thumbnail","hentry"],"acf":[],"_links":{"self":[{"href":"https:\/\/www.gipta.com.tr\/en\/wp-json\/wp\/v2\/pages\/8661","targetHints":{"allow":["GET"]}}],"collection":[{"href":"https:\/\/www.gipta.com.tr\/en\/wp-json\/wp\/v2\/pages"}],"about":[{"href":"https:\/\/www.gipta.com.tr\/en\/wp-json\/wp\/v2\/types\/page"}],"author":[{"embeddable":true,"href":"https:\/\/www.gipta.com.tr\/en\/wp-json\/wp\/v2\/users\/1"}],"replies":[{"embeddable":true,"href":"https:\/\/www.gipta.com.tr\/en\/wp-json\/wp\/v2\/comments?post=8661"}],"version-history":[{"count":5,"href":"https:\/\/www.gipta.com.tr\/en\/wp-json\/wp\/v2\/pages\/8661\/revisions"}],"predecessor-version":[{"id":8977,"href":"https:\/\/www.gipta.com.tr\/en\/wp-json\/wp\/v2\/pages\/8661\/revisions\/8977"}],"wp:featuredmedia":[{"embeddable":true,"href":"https:\/\/www.gipta.com.tr\/en\/wp-json\/wp\/v2\/media\/8561"}],"wp:attachment":[{"href":"https:\/\/www.gipta.com.tr\/en\/wp-json\/wp\/v2\/media?parent=8661"}],"curies":[{"name":"wp","href":"https:\/\/api.w.org\/{rel}","templated":true}]}}