{"id":8660,"date":"2023-08-31T15:56:45","date_gmt":"2023-08-31T12:56:45","guid":{"rendered":"https:\/\/www.gipta.com.tr\/giptanin-mesaji\/"},"modified":"2024-01-25T14:32:21","modified_gmt":"2024-01-25T11:32:21","slug":"giptas-message","status":"publish","type":"page","link":"https:\/\/www.gipta.com.tr\/en\/giptas-message\/","title":{"rendered":"GIPTA&#8217;s Message"},"content":{"rendered":"<section class=\"l-section wpb_row height_custom\"><div class=\"l-section-h i-cf\"><div class=\"g-cols vc_row via_flex valign_top type_default stacking_default\"><div class=\"vc_col-sm-12 wpb_column vc_column_container\"><div class=\"vc_column-inner\"><div class=\"wpb_wrapper\"><div class=\"wpb_text_column\"><div class=\"wpb_wrapper\"><h2>GIPTA&#8217;s Message<\/h2>\n<\/div><\/div><div class=\"w-separator size_small\"><\/div><div class=\"wpb_text_column\"><div class=\"wpb_wrapper\"><p><strong>We increase the added value of paper<\/strong><\/p>\n<p>G\u0131pta has been in the adventure of increasing the added value of paper for nearly 40 years. Progressing with the concepts of passion, innovation, and standard quality, G\u0131pta has undertaken the task of being one of the pioneers and locomotive of the stationery and promotion sector.<\/p>\n<p><strong>Sustainable growth<\/strong><\/p>\n<p>G\u0131pta is committed to sustainable growth. One of G\u0131pta&#8217;s main objectives is to increase its business volume. G\u0131pta is committed to sustainable growth and to environmental and social responsibility.<\/p>\n<p><strong>Visionary approach<\/strong><\/p>\n<p>G\u0131pta is dedicated to unlocking the full potential of paper. Through ongoing research for novel applications and uses, G\u0131pta spearheads the evolution of paper, taking a leading role in shaping its future.<\/p>\n<p><strong>G\u0131pta, innovative leader<\/strong><\/p>\n<p>G\u0131pta operates with the vision of being a pioneer in the industry. By staying updated with new technologies and trends, it provides its customers with the latest and highest-quality products. It stands among those who shape the industry through continuous innovation.<\/p>\n<p><strong>G\u0131pta delivers high quality<\/strong><\/p>\n<p>G\u0131pta strives to provide its customers with the highest quality. Working meticulously in the production processes, it achieves a standard of quality, thereby offering its customers a flawless experience.<\/p>\n<p><strong>G\u0131pta, the pride of T\u00fcrkiye<\/strong><\/p>\n<p>G\u0131pta is a brand that has proven its reliability at home and abroad by employing hundreds of people, with a high number of female colleagues. Although it has provided employment opportunities for hundreds of people, around 40% of them are female colleagues.<\/p>\n<p><strong>G\u0131pta looks to the future with hope<\/strong><\/p>\n<p>G\u0131pta looks to the future with hope, driven by its passion, innovation, and standard quality. With a vision to enhance the added value of paper, G\u0131pta aims to continue growing and developing.<\/p>\n<\/div><\/div><\/div><\/div><\/div><\/div><\/div><\/section>\n","protected":false},"excerpt":{"rendered":"GIPTA&#8217;s Message We increase the added value of paper G\u0131pta has been in the adventure of increasing the added value of paper for nearly 40 years. Progressing with the concepts of passion, innovation, and standard quality, G\u0131pta has undertaken the task of being one of the pioneers and locomotive of the stationery and promotion sector....","protected":false},"author":1,"featured_media":8561,"parent":0,"menu_order":0,"comment_status":"closed","ping_status":"closed","template":"","meta":{"_acf_changed":false,"footnotes":""},"class_list":["post-8660","page","type-page","status-publish","has-post-thumbnail","hentry"],"acf":[],"_links":{"self":[{"href":"https:\/\/www.gipta.com.tr\/en\/wp-json\/wp\/v2\/pages\/8660","targetHints":{"allow":["GET"]}}],"collection":[{"href":"https:\/\/www.gipta.com.tr\/en\/wp-json\/wp\/v2\/pages"}],"about":[{"href":"https:\/\/www.gipta.com.tr\/en\/wp-json\/wp\/v2\/types\/page"}],"author":[{"embeddable":true,"href":"https:\/\/www.gipta.com.tr\/en\/wp-json\/wp\/v2\/users\/1"}],"replies":[{"embeddable":true,"href":"https:\/\/www.gipta.com.tr\/en\/wp-json\/wp\/v2\/comments?post=8660"}],"version-history":[{"count":2,"href":"https:\/\/www.gipta.com.tr\/en\/wp-json\/wp\/v2\/pages\/8660\/revisions"}],"predecessor-version":[{"id":8671,"href":"https:\/\/www.gipta.com.tr\/en\/wp-json\/wp\/v2\/pages\/8660\/revisions\/8671"}],"wp:featuredmedia":[{"embeddable":true,"href":"https:\/\/www.gipta.com.tr\/en\/wp-json\/wp\/v2\/media\/8561"}],"wp:attachment":[{"href":"https:\/\/www.gipta.com.tr\/en\/wp-json\/wp\/v2\/media?parent=8660"}],"curies":[{"name":"wp","href":"https:\/\/api.w.org\/{rel}","templated":true}]}}